{"id":180,"date":"2012-10-20T18:38:51","date_gmt":"2012-10-20T16:38:51","guid":{"rendered":"http:\/\/fraurichter.net\/schule\/?page_id=180"},"modified":"2013-06-08T18:21:50","modified_gmt":"2013-06-08T16:21:50","slug":"kompetenzraster","status":"publish","type":"page","link":"https:\/\/fraurichter.net\/?page_id=180","title":{"rendered":"Kompetenzraster"},"content":{"rendered":"<p>Wir arbeiten an der <a href=\"http:\/\/leg-kiel.de\" target=\"_blank\">Leif-Eriksson-Gemeinschaftsschule<\/a> in Kiel-Mettenhof mit Kompetenzrastern und sind seit einiger Zeit dabei diese f\u00fcr uns kompatibel in Checklisten auszudifferenzieren. Die vorl\u00e4ufigen Ergebnisse m\u00f6chte ich hier ver\u00f6ffentlichen, denn sicherlich gibt es viele andere Schulen, die auf diesem Thema herumdenken und vielleicht k\u00f6nnen unsere Checklisten ja als Anregung dienen.<\/p>\n<p>Wir haben uns im Fach Deutsch f\u00fcr die <a href=\"http:\/\/www.cornelsen.de\/lehrkraefte\/reihe\/r-5887\/ra\/titel\" target=\"_blank\">F\u00f6rdermaterialien<\/a> aus dem Hause Cornelsen entschieden und diese entsprechend der Themen in die Checklisten zugeordnet. Erg\u00e4nzt haben wir mit Aufgaben aus <a href=\"http:\/\/www.cornelsen.de\/lehrkraefte\/reihe\/r-5069\/ra\/titel?back_link=search\" target=\"_blank\">3fach Deutsch<\/a>, ebenfalls von Cornelsen. Seit diesem Schuljahr nutzen wir au\u00dferdem die <a href=\"http:\/\/www.onlinediagnose.de\/\" target=\"_blank\">Onlinediagnose<\/a> von Schr\u00f6del. Nachdem die Sch\u00fclerInnen sich dort getestet haben, bekommen sie eine auf ihre F\u00f6rderschwerpunkte abgestimmte F\u00f6rdermappe ausgedruckt und k\u00f6nnen sich zu gegebener Zeit nachtesten und hoffentlich Lernfortschritte feststellen.<\/p>\n<p>Doch nun zum Kompetenzraster und den dazu geh\u00f6rigen Checklisten:<\/p>\n<ul>\n<li><a href=\"https:\/\/www.dropbox.com\/sh\/7l8cy0521ikchtn\/6FtA-CeV-n\/Kompetenzraster\" target=\"_blank\"><strong>Kompetenzraster Deutsch und zugeh\u00f6rige Checklisten A1-B2<\/strong><\/a><\/li>\n<\/ul>\n","protected":false},"excerpt":{"rendered":"<p>Wir arbeiten an der Leif-Eriksson-Gemeinschaftsschule in Kiel-Mettenhof mit Kompetenzrastern und sind seit einiger Zeit dabei diese f\u00fcr uns kompatibel in Checklisten auszudifferenzieren. Die vorl\u00e4ufigen Ergebnisse m\u00f6chte ich hier ver\u00f6ffentlichen, denn sicherlich gibt es viele andere Schulen, die auf diesem Thema &hellip; <a href=\"https:\/\/fraurichter.net\/?page_id=180\">Weiterlesen <span class=\"meta-nav\">&rarr;<\/span><\/a><\/p>\n","protected":false},"author":3,"featured_media":0,"parent":0,"menu_order":0,"comment_status":"open","ping_status":"open","template":"","meta":{"footnotes":""},"class_list":["post-180","page","type-page","status-publish","hentry"],"_links":{"self":[{"href":"https:\/\/fraurichter.net\/index.php?rest_route=\/wp\/v2\/pages\/180","targetHints":{"allow":["GET"]}}],"collection":[{"href":"https:\/\/fraurichter.net\/index.php?rest_route=\/wp\/v2\/pages"}],"about":[{"href":"https:\/\/fraurichter.net\/index.php?rest_route=\/wp\/v2\/types\/page"}],"author":[{"embeddable":true,"href":"https:\/\/fraurichter.net\/index.php?rest_route=\/wp\/v2\/users\/3"}],"replies":[{"embeddable":true,"href":"https:\/\/fraurichter.net\/index.php?rest_route=%2Fwp%2Fv2%2Fcomments&post=180"}],"version-history":[{"count":3,"href":"https:\/\/fraurichter.net\/index.php?rest_route=\/wp\/v2\/pages\/180\/revisions"}],"predecessor-version":[{"id":182,"href":"https:\/\/fraurichter.net\/index.php?rest_route=\/wp\/v2\/pages\/180\/revisions\/182"}],"wp:attachment":[{"href":"https:\/\/fraurichter.net\/index.php?rest_route=%2Fwp%2Fv2%2Fmedia&parent=180"}],"curies":[{"name":"wp","href":"https:\/\/api.w.org\/{rel}","templated":true}]}}