{"id":177,"date":"2012-10-20T18:04:12","date_gmt":"2012-10-20T16:04:12","guid":{"rendered":"http:\/\/fraurichter.net\/schule\/?page_id=177"},"modified":"2013-02-06T15:06:09","modified_gmt":"2013-02-06T13:06:09","slug":"fur-kolleginnen","status":"publish","type":"page","link":"https:\/\/fraurichter.net\/?page_id=177","title":{"rendered":"F\u00fcr KollegInnen"},"content":{"rendered":"<p><a href=\"https:\/\/fraurichter.net\/umfrage\/index.php\/831326\/lang-de-informal\" target=\"_blank\">Umfrage Link <\/a><\/p>\n<p>&nbsp;<\/p>\n<p>Oftmals hat man eine grobe Idee, was man im Unterricht machen will, aber es fehlen die passenden Materialien. Hier eine kleine \u00dcbersicht \u00fcber die Webseiten, die mir hilfreich erscheinen.<\/p>\n<p><span style=\"text-decoration: underline;\">Freie Seiten ohne Kosten:<\/span><\/p>\n<ul>\n<li><a href=\"http:\/\/4teachers.de\/\" target=\"_blank\">4teachers<\/a>\u00a0(layouttechnisch oft nicht ganz so anspruchsvoll, aber zum Ideen sammeln n\u00fctzlich (Anmeldung n\u00f6tig))<\/li>\n<li><a href=\"http:\/\/www.lehrerfreund.de\/\" target=\"_blank\">Lehrerfreund<\/a>\u00a0(F\u00fcr Deutsch und Geschichte brauchbar)<\/li>\n<li><a href=\"http:\/\/www.deutschunddeutlich.de\/\" target=\"_blank\">deutschunddeutlich<\/a>\u00a0(interessante Arbeitsb\u00f6gen f\u00fcr den Deutschunterricht)<\/li>\n<li><a href=\"http:\/\/www.wcurrlin.de\/pages\/5.htm\" target=\"_blank\">wcurrlin<\/a>\u00a0(jede Menge Geschichtsmaterialien, Bilder und historische Karten)<\/li>\n<li><a href=\"http:\/\/www.goethe.de\/Z\/jetzt\/deindex.htm\" target=\"_blank\">Goethe-Institut<\/a>\u00a0(viele Online-Lese\u00fcbungen f\u00fcr h\u00f6here Klassen)<\/li>\n<li><a href=\"http:\/\/www.br-online.de\/wissen-bildung\/collegeradio\/katalog\/faecher\/\" target=\"_blank\">br-online<\/a>\u00a0(interessante H\u00f6rspiele f\u00fcr alle F\u00e4cher mit dazu geh\u00f6rigen Aufgaben)<\/li>\n<li><a href=\"http:\/\/www.zum.de\/\" target=\"_blank\">zum.de<\/a>\u00a0(viel zu finden, nicht immer \u00fcbersichtlich)<\/li>\n<li><a href=\"http:\/\/www.dhm.de\/lemo\/\" target=\"_blank\">DHM Lemo<\/a>\u00a0(Geschichtsmaterialien zu vielen Epochen)<\/li>\n<\/ul>\n<p><span style=\"text-decoration: underline;\">Verlage mit Downloadm\u00f6glichkeiten<\/span>\u00a0(hier ist es gut ein Abo zu haben, es gibt aber meist auch viele kostenlose Downloads)<\/p>\n<ul>\n<li><a href=\"http:\/\/www.schroedel.de\/\" target=\"_blank\">Schroedel<\/a>\u00a0(BZM hat eine Abo, Fragen an Fr. Richter)<\/li>\n<li><a href=\"http:\/\/www.cornelsen.de\/teachweb\/1.c.493040.de?hasjs=1269896087&amp;submittedByForm=1&amp;gsid=1.c.131741.de&amp;id=493040\" target=\"_blank\">Cornelsen<\/a><\/li>\n<li><a href=\"http:\/\/www.auer-verlag.de\/?action=modulelist&amp;key=3&amp;command=list\" target=\"_blank\">Auer-Verlag<\/a><\/li>\n<\/ul>\n<p><a href=\"http:\/\/schulmedien.schleswig-holstein.de\/home\/content\/index.php\" target=\"_blank\">medien.lernnetz.de<\/a>\u00a0&#8211; Mit der Suchfunktion findet man Materialien, Audiodateien und Videos zu allen m\u00f6glichen Themen. Also Einloggdaten braucht man die Schulnummer und das schulinterne Passwort, das euch euer Schulleiter\/in geben k\u00f6nnen sollte. Zur Not kann man aber auch in der IQSH-Medienabteilung nachfragen.<\/p>\n<p><a href=\"http:\/\/www.landesfilmdienste.de\/DRM\/shop.php?template_id=1&amp;shop_id=1&amp;bundesland=10\" target=\"_blank\">Landesfilmdienste<\/a>\u00a0&#8211; Die haben dort jede Menge Videos als Streams oder zum Download, au\u00dferdem bekommt man eine \u00dcbersicht, welche Medien in der Bildstelle ausgeliehen werden k\u00f6nnen.<\/p>\n<p><a href=\"http:\/\/content.tibs.at\/contake\/\" target=\"_blank\">Contake<\/a>\u00a0&#8211; Ist eine \u00d6sterreichische Seite mit vielen Weiterleitungen zu Lernmaterialien. Habe ich bisher noch nicht so h\u00e4ufig genutzt.<\/p>\n<p><a href=\"http:\/\/commons.wikimedia.org\/wiki\/Main_Page\" target=\"_blank\">Wikimedia Commons<\/a>\u00a0&#8211; Legal Bilder besorgen, ist hier locker m\u00f6glich &#8211; Wiki eben.<\/p>\n<p><a href=\"http:\/\/www.schulbilder.org\/\" target=\"_blank\">schulbilder.org<\/a>\u00a0&#8211; eine Menge lustiger Bildchen zur Versch\u00f6nerung der sonst so tristen Arbeitsb\u00f6gen.<\/p>\n<p><a href=\"http:\/\/www.veritas.at\/lehrer\/menu\/17\" target=\"_blank\">veritas.at<\/a>\u00a0&#8211; Die \u00d6sterreicher haben es wirklich drauf interessante Arbeitsmaterialien zu gestalten. Man muss viel st\u00f6bern, findet aber auch wirklich nette Anregungen<\/p>\n<p><a href=\"http:\/\/www.klippklar.de\/\" target=\"_blank\">klippklar.de<\/a>\u00a0&#8211; Jede Menge Deutschmaterialien<\/p>\n","protected":false},"excerpt":{"rendered":"<p>Umfrage Link &nbsp; Oftmals hat man eine grobe Idee, was man im Unterricht machen will, aber es fehlen die passenden Materialien. Hier eine kleine \u00dcbersicht \u00fcber die Webseiten, die mir hilfreich erscheinen. Freie Seiten ohne Kosten: 4teachers\u00a0(layouttechnisch oft nicht ganz &hellip; <a href=\"https:\/\/fraurichter.net\/?page_id=177\">Weiterlesen <span class=\"meta-nav\">&rarr;<\/span><\/a><\/p>\n","protected":false},"author":3,"featured_media":0,"parent":0,"menu_order":0,"comment_status":"open","ping_status":"open","template":"","meta":{"footnotes":""},"class_list":["post-177","page","type-page","status-publish","hentry"],"_links":{"self":[{"href":"https:\/\/fraurichter.net\/index.php?rest_route=\/wp\/v2\/pages\/177","targetHints":{"allow":["GET"]}}],"collection":[{"href":"https:\/\/fraurichter.net\/index.php?rest_route=\/wp\/v2\/pages"}],"about":[{"href":"https:\/\/fraurichter.net\/index.php?rest_route=\/wp\/v2\/types\/page"}],"author":[{"embeddable":true,"href":"https:\/\/fraurichter.net\/index.php?rest_route=\/wp\/v2\/users\/3"}],"replies":[{"embeddable":true,"href":"https:\/\/fraurichter.net\/index.php?rest_route=%2Fwp%2Fv2%2Fcomments&post=177"}],"version-history":[{"count":3,"href":"https:\/\/fraurichter.net\/index.php?rest_route=\/wp\/v2\/pages\/177\/revisions"}],"predecessor-version":[{"id":179,"href":"https:\/\/fraurichter.net\/index.php?rest_route=\/wp\/v2\/pages\/177\/revisions\/179"}],"wp:attachment":[{"href":"https:\/\/fraurichter.net\/index.php?rest_route=%2Fwp%2Fv2%2Fmedia&parent=177"}],"curies":[{"name":"wp","href":"https:\/\/api.w.org\/{rel}","templated":true}]}}