{"id":173,"date":"2012-10-20T17:35:49","date_gmt":"2012-10-20T15:35:49","guid":{"rendered":"http:\/\/fraurichter.net\/schule\/?page_id=173"},"modified":"2012-10-20T17:35:49","modified_gmt":"2012-10-20T15:35:49","slug":"impressum","status":"publish","type":"page","link":"https:\/\/fraurichter.net\/?page_id=173","title":{"rendered":"Impressum"},"content":{"rendered":"<p>Melanie Richter<br \/>\nAchterkamp 64<\/p>\n<p>24106 Kiel<\/p>\n<p>melanie(at)fraurichter.net<\/p>\n<p>Haftungshinweis:\u00a0Trotz sorgf\u00e4ltiger inhaltlicher Kontrolle \u00fcbernehmen wir keine Haftung f\u00fcr die Inhalte externer Links. F\u00fcr den Inhalt der verlinkten Seiten sind ausschlie\u00dflich deren Betreiber verantwortlich.<\/p>\n<p>Ich widerspreche jeglicher Weitergabe oder kommerzieller Nutzung meiner Daten!<\/p>\n","protected":false},"excerpt":{"rendered":"<p>Melanie Richter Achterkamp 64 24106 Kiel melanie(at)fraurichter.net Haftungshinweis:\u00a0Trotz sorgf\u00e4ltiger inhaltlicher Kontrolle \u00fcbernehmen wir keine Haftung f\u00fcr die Inhalte externer Links. F\u00fcr den Inhalt der verlinkten Seiten sind ausschlie\u00dflich deren Betreiber verantwortlich. Ich widerspreche jeglicher Weitergabe oder kommerzieller Nutzung meiner Daten!<\/p>\n","protected":false},"author":3,"featured_media":0,"parent":0,"menu_order":0,"comment_status":"open","ping_status":"open","template":"","meta":{"footnotes":""},"class_list":["post-173","page","type-page","status-publish","hentry"],"_links":{"self":[{"href":"https:\/\/fraurichter.net\/index.php?rest_route=\/wp\/v2\/pages\/173","targetHints":{"allow":["GET"]}}],"collection":[{"href":"https:\/\/fraurichter.net\/index.php?rest_route=\/wp\/v2\/pages"}],"about":[{"href":"https:\/\/fraurichter.net\/index.php?rest_route=\/wp\/v2\/types\/page"}],"author":[{"embeddable":true,"href":"https:\/\/fraurichter.net\/index.php?rest_route=\/wp\/v2\/users\/3"}],"replies":[{"embeddable":true,"href":"https:\/\/fraurichter.net\/index.php?rest_route=%2Fwp%2Fv2%2Fcomments&post=173"}],"version-history":[{"count":2,"href":"https:\/\/fraurichter.net\/index.php?rest_route=\/wp\/v2\/pages\/173\/revisions"}],"predecessor-version":[{"id":175,"href":"https:\/\/fraurichter.net\/index.php?rest_route=\/wp\/v2\/pages\/173\/revisions\/175"}],"wp:attachment":[{"href":"https:\/\/fraurichter.net\/index.php?rest_route=%2Fwp%2Fv2%2Fmedia&parent=173"}],"curies":[{"name":"wp","href":"https:\/\/api.w.org\/{rel}","templated":true}]}}